{"id":1523,"date":"2020-02-28T13:02:24","date_gmt":"2020-02-28T11:02:24","guid":{"rendered":"https:\/\/nuograzuciu.com\/?page_id=1523"},"modified":"2020-03-13T13:41:16","modified_gmt":"2020-03-13T11:41:16","slug":"kontaktai","status":"publish","type":"page","link":"https:\/\/www.nuograzuciu.com\/en\/kontaktai\/","title":{"rendered":"CONTACT US"},"content":{"rendered":"<section class=\"l-section wpb_row us_custom_8f61dbcb height_medium custom_section_transparent mobile_margins_paddings\"><div class=\"l-section-h i-cf\"><div class=\"g-cols vc_row type_default valign_top\"><div class=\"vc_col-sm-6 wpb_column vc_column_container\"><div class=\"vc_column-inner\"><div class=\"wpb_wrapper\"><div id=\"ultimate-heading-542669e76cb0b7025\" class=\"uvc-heading ult-adjust-bottom-margin ultimate-heading-542669e76cb0b7025 uvc-4423 custom_heading_h2 custom_heading_black\" data-hspacer=\"no_spacer\"  data-halign=\"left\" style=\"text-align:left\"><div class=\"uvc-heading-spacer no_spacer\" style=\"top\"><\/div><div class=\"uvc-main-heading ult-responsive\"  data-ultimate-target='.uvc-heading.ultimate-heading-542669e76cb0b7025 h2'  data-responsive-json-new='{\"font-size\":\"\",\"line-height\":\"\"}' ><h2 style=\"font-weight:normal;\">CONTACT INFORMATION<\/h2><\/div><\/div><div class=\"smile_icon_list_wrap ult_info_list_container ult-adjust-bottom-margin custom_info_list_contacts \"><ul class=\"smile_icon_list left square with_bg\"><li class=\"icon_list_item\" style=\" font-size:72px;\"><div class=\"icon_list_icon\" data-animation=\"\" data-animation-delay=\"03\" style=\"font-size:24px;border-width:1px;border-style:none;background:;color:#333333;border-color:#333333;\"><i class=\"Defaults-user\" ><\/i><\/div><div class=\"icon_description\" id=\"Info-list-wrap-1452\" style=\"font-size:24px;\"><h3 class=\"ult-responsive info-list-heading\"  data-ultimate-target='#Info-list-wrap-1452 h3'  data-responsive-json-new='{\"font-size\":\"desktop:16px;\",\"line-height\":\"desktop:24px;\"}'  style=\"\">Owner of kennel<\/h3><div class=\"icon_description_text ult-responsive\"  data-ultimate-target='#Info-list-wrap-1452 .icon_description_text'  data-responsive-json-new='{\"font-size\":\"desktop:13px;\",\"line-height\":\"desktop:18px;\"}'  style=\"\"><p>Violeta Vosyli\u016bt\u0117<\/p>\n<\/div><\/div><div class=\"icon_list_connector\"  style=\"border: none !important;\"><\/div><\/li><li class=\"icon_list_item\" style=\" font-size:72px;\"><div class=\"icon_list_icon\" data-animation=\"\" data-animation-delay=\"03\" style=\"font-size:24px;border-width:1px;border-style:none;background:;color:#333333;border-color:#333333;\"><i class=\"Defaults-map-marker\" ><\/i><\/div><div class=\"icon_description\" id=\"Info-list-wrap-9763\" style=\"font-size:24px;\"><h3 class=\"ult-responsive info-list-heading\"  data-ultimate-target='#Info-list-wrap-9763 h3'  data-responsive-json-new='{\"font-size\":\"desktop:16px;\",\"line-height\":\"desktop:24px;\"}'  style=\"\">Address<\/h3><div class=\"icon_description_text ult-responsive\"  data-ultimate-target='#Info-list-wrap-9763 .icon_description_text'  data-responsive-json-new='{\"font-size\":\"desktop:13px;\",\"line-height\":\"desktop:18px;\"}'  style=\"\"><p>Dariaus ir Gir\u0117no 11-31 68258 Marijampol\u0117, Lithuania<\/p>\n<\/div><\/div><div class=\"icon_list_connector\"  style=\"border: none !important;\"><\/div><a class=\"ulimate-info-list-link\" href=\"https:\/\/www.google.com\/maps\/place\/Dariaus+ir+Gir%C4%97no+g.+11,+Marijampol%C4%97+68258\/@54.5603546,23.3574116,17z\/data=!3m1!4b1!4m5!3m4!1s0x46e12a1875fc184b:0xb1928e16ad3e08d9!8m2!3d54.5603515!4d23.3596003\" title=\"Google Maps\" target=\"_blank\" rel=\"noopener\" ><\/a><\/li><li class=\"icon_list_item\" style=\" font-size:72px;\"><div class=\"icon_list_icon\" data-animation=\"\" data-animation-delay=\"03\" style=\"font-size:24px;border-width:1px;border-style:none;background:;color:#333333;border-color:#333333;\"><i class=\"Defaults-mobile mobile-phone\" ><\/i><\/div><div class=\"icon_description\" id=\"Info-list-wrap-2861\" style=\"font-size:24px;\"><h3 class=\"ult-responsive info-list-heading\"  data-ultimate-target='#Info-list-wrap-2861 h3'  data-responsive-json-new='{\"font-size\":\"desktop:16px;\",\"line-height\":\"desktop:24px;\"}'  style=\"\">Phone number<\/h3><div class=\"icon_description_text ult-responsive\"  data-ultimate-target='#Info-list-wrap-2861 .icon_description_text'  data-responsive-json-new='{\"font-size\":\"desktop:13px;\",\"line-height\":\"desktop:18px;\"}'  style=\"\"><p>+370 676 69991<\/p>\n<\/div><\/div><div class=\"icon_list_connector\"  style=\"border: none !important;\"><\/div><a class=\"ulimate-info-list-link\" href=\"tel:#\" title=\"Call\" ><\/a><\/li><li class=\"icon_list_item\" style=\" font-size:72px;\"><div class=\"icon_list_icon\" data-animation=\"\" data-animation-delay=\"03\" style=\"font-size:24px;border-width:1px;border-style:none;background:;color:#333333;border-color:#333333;\"><i class=\"Defaults-facebook-official\" ><\/i><\/div><div class=\"icon_description\" id=\"Info-list-wrap-4038\" style=\"font-size:24px;\"><h3 class=\"ult-responsive info-list-heading\"  data-ultimate-target='#Info-list-wrap-4038 h3'  data-responsive-json-new='{\"font-size\":\"desktop:16px;\",\"line-height\":\"desktop:24px;\"}'  style=\"\">Join our Facebook group<\/h3><div class=\"icon_description_text ult-responsive\"  data-ultimate-target='#Info-list-wrap-4038 .icon_description_text'  data-responsive-json-new='{\"font-size\":\"desktop:13px;\",\"line-height\":\"desktop:18px;\"}'  style=\"\"><p>https:\/\/www.facebook.com\/violeta.vosyliute<\/p>\n<\/div><\/div><div class=\"icon_list_connector\"  style=\"border: none !important;\"><\/div><a class=\"ulimate-info-list-link\" href=\"https:\/\/www.facebook.com\/violeta.vosyliute\" title=\"Join our Facebook group\" target=\"_blank\" rel=\"noopener\" ><\/a><\/li><\/ul><\/div><div class=\"w-image us_custom_b2b110b8 custom_contacts_image align_none\"><a class=\"w-image-h\" href=\"https:\/\/www.nuograzuciu.com\/wp-content\/uploads\/2020\/02\/MES.jpg\" ref=\"magnificPopup\"><img width=\"709\" height=\"709\" src=\"data:image\/gif;base64,R0lGODlhAQABAIAAAAAAAP\/\/\/yH5BAEAAAAALAAAAAABAAEAAAIBRAA7\" data-lazy-type=\"image\" data-src=\"https:\/\/www.nuograzuciu.com\/wp-content\/uploads\/2020\/02\/MES.jpg\" class=\"lazy lazy-hidden attachment-large size-large\" alt=\"\" loading=\"lazy\" srcset=\"\" data-srcset=\"https:\/\/www.nuograzuciu.com\/wp-content\/uploads\/2020\/02\/MES.jpg 709w, https:\/\/www.nuograzuciu.com\/wp-content\/uploads\/2020\/02\/MES-300x300.jpg 300w, https:\/\/www.nuograzuciu.com\/wp-content\/uploads\/2020\/02\/MES-150x150.jpg 150w, https:\/\/www.nuograzuciu.com\/wp-content\/uploads\/2020\/02\/MES-350x350.jpg 350w, https:\/\/www.nuograzuciu.com\/wp-content\/uploads\/2020\/02\/MES-250x250.jpg 250w\" sizes=\"(max-width: 709px) 100vw, 709px\" \/><\/a><\/div><\/div><\/div><\/div><div class=\"vc_col-sm-6 wpb_column vc_column_container\"><div class=\"vc_column-inner\"><div class=\"wpb_wrapper\"><div id=\"ultimate-heading-109569e76cb0b98ee\" class=\"uvc-heading ult-adjust-bottom-margin ultimate-heading-109569e76cb0b98ee uvc-2754 custom_heading_h2 custom_heading_black\" data-hspacer=\"no_spacer\"  data-halign=\"left\" style=\"text-align:left\"><div class=\"uvc-heading-spacer no_spacer\" style=\"top\"><\/div><div class=\"uvc-main-heading ult-responsive\"  data-ultimate-target='.uvc-heading.ultimate-heading-109569e76cb0b98ee h2'  data-responsive-json-new='{\"font-size\":\"\",\"line-height\":\"\"}' ><h2 style=\"font-weight:normal;\">LEAVE US A MESSAGE<\/h2><\/div><\/div><div role=\"form\" class=\"wpcf7\" id=\"wpcf7-f5-o1\" lang=\"en-US\" dir=\"ltr\">\n<div class=\"screen-reader-response\"><\/div>\n<form action=\"\/en\/wp-json\/wp\/v2\/pages\/1523\/#wpcf7-f5-o1\" method=\"post\" class=\"wpcf7-form\" novalidate=\"novalidate\">\n<div style=\"display: none;\">\n<input type=\"hidden\" name=\"_wpcf7\" value=\"5\" \/>\n<input type=\"hidden\" name=\"_wpcf7_version\" value=\"5.1.6\" \/>\n<input type=\"hidden\" name=\"_wpcf7_locale\" value=\"en_US\" \/>\n<input type=\"hidden\" name=\"_wpcf7_unit_tag\" value=\"wpcf7-f5-o1\" \/>\n<input type=\"hidden\" name=\"_wpcf7_container_post\" value=\"0\" \/>\n<\/div>\n<p><label> Your Name<br \/>\n    <span class=\"wpcf7-form-control-wrap your-name\"><input type=\"text\" name=\"your-name\" value=\"\" size=\"40\" class=\"wpcf7-form-control wpcf7-text wpcf7-validates-as-required\" aria-required=\"true\" aria-invalid=\"false\" \/><\/span> <\/label><\/p>\n<p><label> Your Email<br \/>\n    <span class=\"wpcf7-form-control-wrap your-email\"><input type=\"email\" name=\"your-email\" value=\"\" size=\"40\" class=\"wpcf7-form-control wpcf7-text wpcf7-email wpcf7-validates-as-required wpcf7-validates-as-email\" aria-required=\"true\" aria-invalid=\"false\" \/><\/span> <\/label><\/p>\n<p><label> Your Message<br \/>\n    <span class=\"wpcf7-form-control-wrap your-message\"><textarea name=\"your-message\" cols=\"40\" rows=\"10\" class=\"wpcf7-form-control wpcf7-textarea wpcf7-validates-as-required\" aria-required=\"true\" aria-invalid=\"false\"><\/textarea><\/span> <\/label><\/p>\n<p><input type=\"submit\" value=\"Send\" class=\"wpcf7-form-control wpcf7-submit\" \/><\/p>\n<div class=\"wpcf7-response-output wpcf7-display-none\"><\/div><\/form><\/div><\/div><\/div><\/div><\/div><\/div><\/section>\n","protected":false},"excerpt":{"rendered":"CONTACT INFORMATIONOwner of kennelVioleta Vosyli\u016bt\u0117 AddressDariaus ir Gir\u0117no 11-31 68258 Marijampol\u0117, Lithuania Phone number+370 676 69991 Join our Facebook grouphttps:\/\/www.facebook.com\/violeta.vosyliute LEAVE US A MESSAGE Your Name Your Email Your Message","protected":false},"author":2,"featured_media":0,"parent":0,"menu_order":0,"comment_status":"closed","ping_status":"closed","template":"","meta":[],"_links":{"self":[{"href":"https:\/\/www.nuograzuciu.com\/en\/wp-json\/wp\/v2\/pages\/1523\/"}],"collection":[{"href":"https:\/\/www.nuograzuciu.com\/en\/wp-json\/wp\/v2\/pages\/"}],"about":[{"href":"https:\/\/www.nuograzuciu.com\/en\/wp-json\/wp\/v2\/types\/page\/"}],"author":[{"embeddable":true,"href":"https:\/\/www.nuograzuciu.com\/en\/wp-json\/wp\/v2\/users\/2\/"}],"replies":[{"embeddable":true,"href":"https:\/\/www.nuograzuciu.com\/en\/wp-json\/wp\/v2\/comments\/?post=1523"}],"version-history":[{"count":6,"href":"https:\/\/www.nuograzuciu.com\/en\/wp-json\/wp\/v2\/pages\/1523\/revisions\/"}],"predecessor-version":[{"id":2069,"href":"https:\/\/www.nuograzuciu.com\/en\/wp-json\/wp\/v2\/pages\/1523\/revisions\/2069\/"}],"wp:attachment":[{"href":"https:\/\/www.nuograzuciu.com\/en\/wp-json\/wp\/v2\/media\/?parent=1523"}],"curies":[{"name":"wp","href":"https:\/\/api.w.org\/{rel}","templated":true}]}}