{"id":2066,"date":"2020-02-28T14:23:45","date_gmt":"2020-02-28T12:23:45","guid":{"rendered":"https:\/\/nuograzuciu.com\/?page_id=2066"},"modified":"2020-03-02T09:31:55","modified_gmt":"2020-03-02T07:31:55","slug":"vados","status":"publish","type":"page","link":"https:\/\/www.nuograzuciu.com\/en\/vados\/","title":{"rendered":"LITTERS"},"content":{"rendered":"<section class=\"l-section wpb_row us_custom_6ec1427e height_medium custom_section_transparent mobile_margins_paddings\"><div class=\"l-section-h i-cf\"><div class=\"g-cols vc_row type_default valign_top\"><div class=\"vc_col-sm-12 wpb_column vc_column_container\"><div class=\"vc_column-inner\"><div class=\"wpb_wrapper\"><div id=\"ultimate-heading-934069e34132986ff\" class=\"uvc-heading ult-adjust-bottom-margin ultimate-heading-934069e34132986ff uvc-3475 custom_heading_h2 custom_heading_black\" data-hspacer=\"no_spacer\"  data-halign=\"left\" style=\"text-align:left\"><div class=\"uvc-heading-spacer no_spacer\" style=\"top\"><\/div><div class=\"uvc-main-heading ult-responsive\"  data-ultimate-target='.uvc-heading.ultimate-heading-934069e34132986ff h2'  data-responsive-json-new='{\"font-size\":\"\",\"line-height\":\"\"}' ><h2 style=\"font-weight:normal;\">LITTERS<\/h2><\/div><\/div><div class=\"w-grid custom_pedigree_list type_grid layout_blog_9 overflow_hidden\" id=\"us_grid_1\"><style id=\"us_grid_1_css\">#us_grid_1 .w-grid-item:not(:last-child){margin-bottom:1.5rem}#us_grid_1 .g-loadmore{margin-top:1.5rem}<\/style><style>.layout_blog_9 .w-grid-item-h{background:linear-gradient(180deg,#de6262,#feb78b);color:#423835;border-radius:0.3rem;z-index:3;box-shadow:0 0.03rem 0.06rem rgba(0,0,0,0.1),0 0.10rem 0.30rem rgba(0,0,0,0.1);transition-duration:0.3s}.no-touch .layout_blog_9 .w-grid-item-h:hover{box-shadow:0 0.12rem 0.24rem rgba(0,0,0,0.1),0 0.40rem 1.20rem rgba(0,0,0,0.15);z-index:4}.layout_blog_9 .usg_vwrapper_1{padding:0.8rem 1.5rem 1.5rem 1.5rem!important}.layout_blog_9 .usg_hwrapper_1{margin-bottom:0.3rem!important}.layout_blog_9 .usg_post_taxonomy_1{font-size:14px!important;font-weight:700!important;text-transform:uppercase!important;margin-right:0.6rem!important}.layout_blog_9 .usg_post_date_1{color:#999999!important;font-size:14px!important;margin-bottom:0.3rem!important}.layout_blog_9 .usg_post_title_1{color:inherit!important;font-weight:700!important;font-size:1.4rem!important}@media (max-width:600px){.layout_blog_9 .usg_post_title_1{font-size:1.2rem!important}}<\/style><div class=\"w-grid-list\"><article class=\"w-grid-item size_1x1 post-2415 sunu_vados type-sunu_vados status-publish hentry\" data-id=\"2415\">\r\n\t<div class=\"w-grid-item-h\">\r\n\t\t\t\t<div class=\"w-vwrapper usg_vwrapper_1 align_left valign_top \"><div class=\"w-hwrapper usg_hwrapper_1 align_left valign_top \"><time class=\"w-post-elm post_date usg_post_date_1 entry-date published\" datetime=\"2020-04-03T22:28:52+02:00\" title=\"3 April 2020 at 22:28:52 +02:00\">3 Apr 2020<\/time><\/div><h2 class=\"w-post-elm post_title usg_post_title_1 entry-title color_link_inherit has_text_color\"><a href=\"https:\/\/www.nuograzuciu.com\/en\/sunu_vados\/j-2018-03-04-c-i-b-multi-ch-estera-felix-nuo-grazuciu-c-i-b-concerto-splendoria-vratislavia\/\">&#8220;J&#8221; 2018.03.04 C.I.B., MULTI CH ESTERA FELIX NUO GRA\u017dU\u010cI\u0172 &#038; C.I.B. CONCERTO SPLENDORIA VRATISLAVIA<\/a><\/h2><\/div>\t<\/div>\r\n<\/article>\r\n<article class=\"w-grid-item size_1x1 post-796 sunu_vados type-sunu_vados status-publish hentry\" data-id=\"796\">\r\n\t<div class=\"w-grid-item-h\">\r\n\t\t\t\t<div class=\"w-vwrapper usg_vwrapper_1 align_left valign_top \"><div class=\"w-hwrapper usg_hwrapper_1 align_left valign_top \"><time class=\"w-post-elm post_date usg_post_date_1 entry-date published\" datetime=\"2020-02-12T07:10:01+02:00\" title=\"12 February 2020 at 07:10:01 +02:00\">12 Feb 2020<\/time><\/div><h2 class=\"w-post-elm post_title usg_post_title_1 entry-title color_link_inherit has_text_color\"><a href=\"https:\/\/www.nuograzuciu.com\/en\/sunu_vados\/i-2017-05-04-c-i-b-multi-ch-estera-felix-nuo-grazuciu-c-i-ivan-des-teeres-de-la-rairie\/\">-I- 2017 05 04 &#8211; C.I.B., MULTI CH ESTERA FELIX NUO GRA\u017dU\u010cI\u0172 &#038; C.I.B. IVAN DES TERRES DE LA RAIRIE<\/a><\/h2><\/div>\t<\/div>\r\n<\/article>\r\n<article class=\"w-grid-item size_1x1 post-963 sunu_vados type-sunu_vados status-publish hentry\" data-id=\"963\">\r\n\t<div class=\"w-grid-item-h\">\r\n\t\t\t\t<div class=\"w-vwrapper usg_vwrapper_1 align_left valign_top \"><div class=\"w-hwrapper usg_hwrapper_1 align_left valign_top \"><time class=\"w-post-elm post_date usg_post_date_1 entry-date published\" datetime=\"2020-02-12T14:35:57+02:00\" title=\"12 February 2020 at 14:35:57 +02:00\">12 Feb 2020<\/time><\/div><h2 class=\"w-post-elm post_title usg_post_title_1 entry-title color_link_inherit has_text_color\"><a href=\"https:\/\/www.nuograzuciu.com\/en\/sunu_vados\/h-2015-08-03-c-i-b-multi-ch-estera-felix-nuo-grazuciu-eu-jw14-itharo-du-bois-du-chant-rossignols\/\">-H- 2015.08.03 \u2013 C.I.B., MULTI CH ESTERA FELIX NUO GRA\u017dU\u010cI\u0172 &#038; EU JW&#8217;14 ITHARO DU BOIS DU CHANT ROSSIGNOLS<\/a><\/h2><\/div>\t<\/div>\r\n<\/article>\r\n<article class=\"w-grid-item size_1x1 post-962 sunu_vados type-sunu_vados status-publish hentry\" data-id=\"962\">\r\n\t<div class=\"w-grid-item-h\">\r\n\t\t\t\t<div class=\"w-vwrapper usg_vwrapper_1 align_left valign_top \"><div class=\"w-hwrapper usg_hwrapper_1 align_left valign_top \"><time class=\"w-post-elm post_date usg_post_date_1 entry-date published\" datetime=\"2020-02-12T14:35:48+02:00\" title=\"12 February 2020 at 14:35:48 +02:00\">12 Feb 2020<\/time><\/div><h2 class=\"w-post-elm post_title usg_post_title_1 entry-title color_link_inherit has_text_color\"><a href=\"https:\/\/www.nuograzuciu.com\/en\/sunu_vados\/g-2014-11-28-c-i-b-multi-ch-aksenija-nuo-grazuciu-eu-jw14-itharo-du-bois-du-chant-rossignols\/\">-G- 2014.11.28 \u2013 C.I.B., MULTI CH AKSENIJA NUO GRA\u017dU\u010cI\u0172 &#038; EU JW&#8217;14 ITHARO DU BOIS DU CHANT ROSSIGNOLS<\/a><\/h2><\/div>\t<\/div>\r\n<\/article>\r\n<article class=\"w-grid-item size_1x1 post-961 sunu_vados type-sunu_vados status-publish hentry\" data-id=\"961\">\r\n\t<div class=\"w-grid-item-h\">\r\n\t\t\t\t<div class=\"w-vwrapper usg_vwrapper_1 align_left valign_top \"><div class=\"w-hwrapper usg_hwrapper_1 align_left valign_top \"><time class=\"w-post-elm post_date usg_post_date_1 entry-date published\" datetime=\"2020-02-12T14:35:40+02:00\" title=\"12 February 2020 at 14:35:40 +02:00\">12 Feb 2020<\/time><\/div><h2 class=\"w-post-elm post_title usg_post_title_1 entry-title color_link_inherit has_text_color\"><a href=\"https:\/\/www.nuograzuciu.com\/en\/sunu_vados\/f-2013-09-29-c-i-b-multi-ch-aksenija-nuo-grazuciu-pl-ch-otto-vom-teufelsgrund\/\">-F- 2013.09.29 \u2013 C.I.B., MULTI CH AKSENIJA NUO GRA\u017dU\u010cI\u0172 &#038; PL CH OTTO VOM TEUFELSGRUND<\/a><\/h2><\/div>\t<\/div>\r\n<\/article>\r\n<article class=\"w-grid-item size_1x1 post-960 sunu_vados type-sunu_vados status-publish hentry\" data-id=\"960\">\r\n\t<div class=\"w-grid-item-h\">\r\n\t\t\t\t<div class=\"w-vwrapper usg_vwrapper_1 align_left valign_top \"><div class=\"w-hwrapper usg_hwrapper_1 align_left valign_top \"><time class=\"w-post-elm post_date usg_post_date_1 entry-date published\" datetime=\"2020-02-12T14:35:30+02:00\" title=\"12 February 2020 at 14:35:30 +02:00\">12 Feb 2020<\/time><\/div><h2 class=\"w-post-elm post_title usg_post_title_1 entry-title color_link_inherit has_text_color\"><a href=\"https:\/\/www.nuograzuciu.com\/en\/sunu_vados\/e-2012-06-20-c-i-b-multi-ch-aksenija-nuo-grazuciu-c-i-b-leit-motiv-de-ayalga\/\">-E- 2012.06.20 \u2013 C.I.B., MULTI CH AKSENIJA NUO GRA\u017dU\u010cI\u0172 &#038; C.I.B LEIT MOTIV DE AYALGA<\/a><\/h2><\/div>\t<\/div>\r\n<\/article>\r\n<article class=\"w-grid-item size_1x1 post-959 sunu_vados type-sunu_vados status-publish hentry\" data-id=\"959\">\r\n\t<div class=\"w-grid-item-h\">\r\n\t\t\t\t<div class=\"w-vwrapper usg_vwrapper_1 align_left valign_top \"><div class=\"w-hwrapper usg_hwrapper_1 align_left valign_top \"><time class=\"w-post-elm post_date usg_post_date_1 entry-date published\" datetime=\"2020-02-12T14:35:21+02:00\" title=\"12 February 2020 at 14:35:21 +02:00\">12 Feb 2020<\/time><\/div><h2 class=\"w-post-elm post_title usg_post_title_1 entry-title color_link_inherit has_text_color\"><a href=\"https:\/\/www.nuograzuciu.com\/en\/sunu_vados\/d-2011-10-05-c-i-b-multi-ch-aksenija-nuo-grazuciu-c-i-b-agar-des-brumes-de-la-valle-du-cher\/\">-D- 2011.10.05 \u2013 C.I.B., MULTI CH AKSENIJA NUO GRA\u017dU\u010cI\u0172 &#038; C.I.B AGAR DES BRUMES DE LA VALLE DU CHER<\/a><\/h2><\/div>\t<\/div>\r\n<\/article>\r\n<article class=\"w-grid-item size_1x1 post-958 sunu_vados type-sunu_vados status-publish hentry\" data-id=\"958\">\r\n\t<div class=\"w-grid-item-h\">\r\n\t\t\t\t<div class=\"w-vwrapper usg_vwrapper_1 align_left valign_top \"><div class=\"w-hwrapper usg_hwrapper_1 align_left valign_top \"><time class=\"w-post-elm post_date usg_post_date_1 entry-date published\" datetime=\"2020-02-12T14:35:11+02:00\" title=\"12 February 2020 at 14:35:11 +02:00\">12 Feb 2020<\/time><\/div><h2 class=\"w-post-elm post_title usg_post_title_1 entry-title color_link_inherit has_text_color\"><a href=\"https:\/\/www.nuograzuciu.com\/en\/sunu_vados\/c-2011-01-21-c-i-b-multi-ch-tiche-nuo-grazuciu-pl-jch-egisthe-diskandar\/\">-C- 2011.01.21 \u2013 C.I.B., MULTI CH TICHE NUO GRA\u017dU\u010cI\u0172 &#038; Pl JCH EGISTHE D&#8217;ISKANDAR<\/a><\/h2><\/div>\t<\/div>\r\n<\/article>\r\n<article class=\"w-grid-item size_1x1 post-957 sunu_vados type-sunu_vados status-publish hentry\" data-id=\"957\">\r\n\t<div class=\"w-grid-item-h\">\r\n\t\t\t\t<div class=\"w-vwrapper usg_vwrapper_1 align_left valign_top \"><div class=\"w-hwrapper usg_hwrapper_1 align_left valign_top \"><time class=\"w-post-elm post_date usg_post_date_1 entry-date published\" datetime=\"2020-02-12T14:35:01+02:00\" title=\"12 February 2020 at 14:35:01 +02:00\">12 Feb 2020<\/time><\/div><h2 class=\"w-post-elm post_title usg_post_title_1 entry-title color_link_inherit has_text_color\"><a href=\"https:\/\/www.nuograzuciu.com\/en\/sunu_vados\/b-2010-01-27-c-i-b-multi-ch-tiche-nuo-grazuciu-c-i-b-euro-power-boy-toy\/\">-B- 2010.01.27 \u2013 C.I.B.,MULTI CH TICHE NUO GRA\u017dU\u010cI\u0172 &#038; C.I.B., EURO POWER BOY TOY<\/a><\/h2><\/div>\t<\/div>\r\n<\/article>\r\n<article class=\"w-grid-item size_1x1 post-956 sunu_vados type-sunu_vados status-publish hentry\" data-id=\"956\">\r\n\t<div class=\"w-grid-item-h\">\r\n\t\t\t\t<div class=\"w-vwrapper usg_vwrapper_1 align_left valign_top \"><div class=\"w-hwrapper usg_hwrapper_1 align_left valign_top \"><time class=\"w-post-elm post_date usg_post_date_1 entry-date published\" datetime=\"2020-02-12T14:34:52+02:00\" title=\"12 February 2020 at 14:34:52 +02:00\">12 Feb 2020<\/time><\/div><h2 class=\"w-post-elm post_title usg_post_title_1 entry-title color_link_inherit has_text_color\"><a href=\"https:\/\/www.nuograzuciu.com\/en\/sunu_vados\/a-2009-01-20-c-i-b-multi-ch-tiche-nuo-grazuciu-e-pt-ch-kimi-de-garaba\/\">-A- 2009.01.20 \u2013 C.I.B.,MULTI CH TICHE NUO GRA\u017dU\u010cI\u0172 &#038; E-PT CH KIMI DE GARABA<\/a><\/h2><\/div>\t<\/div>\r\n<\/article>\r\n<article class=\"w-grid-item size_1x1 post-955 sunu_vados type-sunu_vados status-publish hentry\" data-id=\"955\">\r\n\t<div class=\"w-grid-item-h\">\r\n\t\t\t\t<div class=\"w-vwrapper usg_vwrapper_1 align_left valign_top \"><div class=\"w-hwrapper usg_hwrapper_1 align_left valign_top \"><time class=\"w-post-elm post_date usg_post_date_1 entry-date published\" datetime=\"2020-02-12T14:34:44+02:00\" title=\"12 February 2020 at 14:34:44 +02:00\">12 Feb 2020<\/time><\/div><h2 class=\"w-post-elm post_title usg_post_title_1 entry-title color_link_inherit has_text_color\"><a href=\"https:\/\/www.nuograzuciu.com\/en\/sunu_vados\/t-2006-07-29-c-i-b-multi-ch-hera-nuo-grazuciu-learco-dei-cento-scudi\/\">-T- 2006.07.29 \u2013 C.I.B.,MULTI CH HERA NUO GRA\u017dU\u010cI\u0172 &#038; LEARCO DEI CENTO SCUDI<\/a><\/h2><\/div>\t<\/div>\r\n<\/article>\r\n<article class=\"w-grid-item size_1x1 post-954 sunu_vados type-sunu_vados status-publish hentry\" data-id=\"954\">\r\n\t<div class=\"w-grid-item-h\">\r\n\t\t\t\t<div class=\"w-vwrapper usg_vwrapper_1 align_left valign_top \"><div class=\"w-hwrapper usg_hwrapper_1 align_left valign_top \"><time class=\"w-post-elm post_date usg_post_date_1 entry-date published\" datetime=\"2020-02-12T14:34:36+02:00\" title=\"12 February 2020 at 14:34:36 +02:00\">12 Feb 2020<\/time><\/div><h2 class=\"w-post-elm post_title usg_post_title_1 entry-title color_link_inherit has_text_color\"><a href=\"https:\/\/www.nuograzuciu.com\/en\/sunu_vados\/k-2003-11-25-multi-ch-carina-axedius-c-i-b-multi-ch-jold-vom-gut-neila-2\/\">-K- 2003.11.25 \u2013 MULTI CH CARINA AXEDIUS &#038; C.I.B., MULTI CH JOLD VOM GUT NEILA<\/a><\/h2><\/div>\t<\/div>\r\n<\/article>\r\n<article class=\"w-grid-item size_1x1 post-953 sunu_vados type-sunu_vados status-publish hentry\" data-id=\"953\">\r\n\t<div class=\"w-grid-item-h\">\r\n\t\t\t\t<div class=\"w-vwrapper usg_vwrapper_1 align_left valign_top \"><div class=\"w-hwrapper usg_hwrapper_1 align_left valign_top \"><time class=\"w-post-elm post_date usg_post_date_1 entry-date published\" datetime=\"2020-02-12T14:34:27+02:00\" title=\"12 February 2020 at 14:34:27 +02:00\">12 Feb 2020<\/time><\/div><h2 class=\"w-post-elm post_title usg_post_title_1 entry-title color_link_inherit has_text_color\"><a href=\"https:\/\/www.nuograzuciu.com\/en\/sunu_vados\/k-2003-11-25-multi-ch-carina-axedius-c-i-b-multi-ch-jold-vom-gut-neila\/\">-K- 2003.11.25 \u2013 MULTI CH CARINA AXEDIUS &#038; C.I.B., MULTI CH JOLD VOM GUT NEILA<\/a><\/h2><\/div>\t<\/div>\r\n<\/article>\r\n<article class=\"w-grid-item size_1x1 post-952 sunu_vados type-sunu_vados status-publish hentry\" data-id=\"952\">\r\n\t<div class=\"w-grid-item-h\">\r\n\t\t\t\t<div class=\"w-vwrapper usg_vwrapper_1 align_left valign_top \"><div class=\"w-hwrapper usg_hwrapper_1 align_left valign_top \"><time class=\"w-post-elm post_date usg_post_date_1 entry-date published\" datetime=\"2020-02-12T14:34:19+02:00\" title=\"12 February 2020 at 14:34:19 +02:00\">12 Feb 2020<\/time><\/div><h2 class=\"w-post-elm post_title usg_post_title_1 entry-title color_link_inherit has_text_color\"><a href=\"https:\/\/www.nuograzuciu.com\/en\/sunu_vados\/h-2002-07-16-multi-ch-carina-axedius-rairy-des-terres-de-la-rairie\/\">-H- 2002.07.16 \u2013 MULTI CH CARINA AXEDIUS &#038; RAIRY DES TERRES DE LA RAIRIE<\/a><\/h2><\/div>\t<\/div>\r\n<\/article>\r\n<article class=\"w-grid-item size_1x1 post-951 sunu_vados type-sunu_vados status-publish hentry\" data-id=\"951\">\r\n\t<div class=\"w-grid-item-h\">\r\n\t\t\t\t<div class=\"w-vwrapper usg_vwrapper_1 align_left valign_top \"><div class=\"w-hwrapper usg_hwrapper_1 align_left valign_top \"><time class=\"w-post-elm post_date usg_post_date_1 entry-date published\" datetime=\"2020-02-12T14:34:12+02:00\" title=\"12 February 2020 at 14:34:12 +02:00\">12 Feb 2020<\/time><\/div><h2 class=\"w-post-elm post_title usg_post_title_1 entry-title color_link_inherit has_text_color\"><a href=\"https:\/\/www.nuograzuciu.com\/en\/sunu_vados\/c-2001-05-16-lt-jw-impulse-nuo-grazuciu-multi-ch-tharrim-axedius\/\">-C- 2001.05.16 \u2013 LT JW IMPULSE NUO GRA\u017dU\u010cI\u0172 &#038; MULTI CH THARRIM AXEDIUS<\/a><\/h2><\/div>\t<\/div>\r\n<\/article>\r\n<article class=\"w-grid-item size_1x1 post-950 sunu_vados type-sunu_vados status-publish hentry\" data-id=\"950\">\r\n\t<div class=\"w-grid-item-h\">\r\n\t\t\t\t<div class=\"w-vwrapper usg_vwrapper_1 align_left valign_top \"><div class=\"w-hwrapper usg_hwrapper_1 align_left valign_top \"><time class=\"w-post-elm post_date usg_post_date_1 entry-date published\" datetime=\"2020-02-12T14:34:01+02:00\" title=\"12 February 2020 at 14:34:01 +02:00\">12 Feb 2020<\/time><\/div><h2 class=\"w-post-elm post_title usg_post_title_1 entry-title color_link_inherit has_text_color\"><a href=\"https:\/\/www.nuograzuciu.com\/en\/sunu_vados\/t-2000-02-14-lt-jw-impulse-nuo-grazuciu-int-ch-izmir-ideal-volarius-2\/\">-T- 2000.02.14 \u2013 LT JW IMPULSE NUO GRA\u017dU\u010cI\u0172 &#038; INT CH IZMIR IDEAL VOLARIUS<\/a><\/h2><\/div>\t<\/div>\r\n<\/article>\r\n<article class=\"w-grid-item size_1x1 post-949 sunu_vados type-sunu_vados status-publish hentry\" data-id=\"949\">\r\n\t<div class=\"w-grid-item-h\">\r\n\t\t\t\t<div class=\"w-vwrapper usg_vwrapper_1 align_left valign_top \"><div class=\"w-hwrapper usg_hwrapper_1 align_left valign_top \"><time class=\"w-post-elm post_date usg_post_date_1 entry-date published\" datetime=\"2020-02-12T14:33:51+02:00\" title=\"12 February 2020 at 14:33:51 +02:00\">12 Feb 2020<\/time><\/div><h2 class=\"w-post-elm post_title usg_post_title_1 entry-title color_link_inherit has_text_color\"><a href=\"https:\/\/www.nuograzuciu.com\/en\/sunu_vados\/t-2000-02-14-lt-jw-impulse-nuo-grazuciu-int-ch-izmir-ideal-volarius\/\">-T- 2000.02.14 \u2013 LT JW IMPULSE NUO GRA\u017dU\u010cI\u0172 &#038; INT CH IZMIR IDEAL VOLARIUS<\/a><\/h2><\/div>\t<\/div>\r\n<\/article>\r\n<article class=\"w-grid-item size_1x1 post-948 sunu_vados type-sunu_vados status-publish hentry\" data-id=\"948\">\r\n\t<div class=\"w-grid-item-h\">\r\n\t\t\t\t<div class=\"w-vwrapper usg_vwrapper_1 align_left valign_top \"><div class=\"w-hwrapper usg_hwrapper_1 align_left valign_top \"><time class=\"w-post-elm post_date usg_post_date_1 entry-date published\" datetime=\"2020-02-12T14:33:37+02:00\" title=\"12 February 2020 at 14:33:37 +02:00\">12 Feb 2020<\/time><\/div><h2 class=\"w-post-elm post_title usg_post_title_1 entry-title color_link_inherit has_text_color\"><a href=\"https:\/\/www.nuograzuciu.com\/en\/sunu_vados\/s-1999-06-15-lt-jw-cac-granda-nuo-grazuciu-int-ch-multi-ch-harlen-harlend\/\">-S- 1999.06.15 \u2013 LT JW, CAC GRANDA NUO GRA\u017dU\u010cI\u0172 &#038;INT CH, MULTI CH HARLEN HARLEND<\/a><\/h2><\/div>\t<\/div>\r\n<\/article>\r\n<article class=\"w-grid-item size_1x1 post-947 sunu_vados type-sunu_vados status-publish hentry\" data-id=\"947\">\r\n\t<div class=\"w-grid-item-h\">\r\n\t\t\t\t<div class=\"w-vwrapper usg_vwrapper_1 align_left valign_top \"><div class=\"w-hwrapper usg_hwrapper_1 align_left valign_top \"><time class=\"w-post-elm post_date usg_post_date_1 entry-date published\" datetime=\"2020-02-12T14:33:26+02:00\" title=\"12 February 2020 at 14:33:26 +02:00\">12 Feb 2020<\/time><\/div><h2 class=\"w-post-elm post_title usg_post_title_1 entry-title color_link_inherit has_text_color\"><a href=\"https:\/\/www.nuograzuciu.com\/en\/sunu_vados\/m-1998-03-16-lt-jw-cac-granda-nuo-grazuciu-ch-mimo-bessen-cs\/\">-M- 1998.03.16 \u2013 LT JW, CAC GRANDA NUO GRA\u017dU\u010cI\u0172 &#038; CH MIMO BESSEN CS<\/a><\/h2><\/div>\t<\/div>\r\n<\/article>\r\n<article class=\"w-grid-item size_1x1 post-946 sunu_vados type-sunu_vados status-publish hentry\" data-id=\"946\">\r\n\t<div class=\"w-grid-item-h\">\r\n\t\t\t\t<div class=\"w-vwrapper usg_vwrapper_1 align_left valign_top \"><div class=\"w-hwrapper usg_hwrapper_1 align_left valign_top \"><time class=\"w-post-elm post_date usg_post_date_1 entry-date published\" datetime=\"2020-02-12T14:32:43+02:00\" title=\"12 February 2020 at 14:32:43 +02:00\">12 Feb 2020<\/time><\/div><h2 class=\"w-post-elm post_title usg_post_title_1 entry-title color_link_inherit has_text_color\"><a href=\"https:\/\/www.nuograzuciu.com\/en\/sunu_vados\/i-1997-04-07-faira-int-ch-oxan-bessen-cs\/\">-I- 1997.04.07 \u2013 FAIRA &#038; INT CH OXAN BESSEN CS<\/a><\/h2><\/div>\t<\/div>\r\n<\/article>\r\n<article class=\"w-grid-item size_1x1 post-945 sunu_vados type-sunu_vados status-publish hentry\" data-id=\"945\">\r\n\t<div class=\"w-grid-item-h\">\r\n\t\t\t\t<div class=\"w-vwrapper usg_vwrapper_1 align_left valign_top \"><div class=\"w-hwrapper usg_hwrapper_1 align_left valign_top \"><time class=\"w-post-elm post_date usg_post_date_1 entry-date published\" datetime=\"2020-02-12T14:32:20+02:00\" title=\"12 February 2020 at 14:32:20 +02:00\">12 Feb 2020<\/time><\/div><h2 class=\"w-post-elm post_title usg_post_title_1 entry-title color_link_inherit has_text_color\"><a href=\"https:\/\/www.nuograzuciu.com\/en\/sunu_vados\/g-1995-02-12-faira-bet-stolz-ediaras\/\">-G- 1995.02.12 \u2013 FAIRA &#038; BET STOLZ EDIARAS<\/a><\/h2><\/div>\t<\/div>\r\n<\/article>\r\n<\/div>\t<div class=\"w-grid-json hidden\" onclick='return {&quot;ajax_url&quot;:&quot;https:\\\/\\\/www.nuograzuciu.com\\\/wp-admin\\\/admin-ajax.php&quot;,&quot;permalink_url&quot;:&quot;https:\\\/\\\/www.nuograzuciu.com\\\/en\\\/sunu_vados\\\/g-1995-02-12-faira-bet-stolz-ediaras\\\/&quot;,&quot;action&quot;:&quot;us_ajax_grid&quot;,&quot;max_num_pages&quot;:1,&quot;infinite_scroll&quot;:0,&quot;template_vars&quot;:{&quot;query_args&quot;:{&quot;post_type&quot;:[&quot;sunu_vados&quot;],&quot;post_status&quot;:[&quot;publish&quot;,&quot;acf-disabled&quot;],&quot;orderby&quot;:{&quot;modified&quot;:&quot;DESC&quot;},&quot;posts_per_page&quot;:&quot;100&quot;},&quot;post_id&quot;:2066,&quot;us_grid_index&quot;:1,&quot;us_grid_ajax_index&quot;:1,&quot;exclude_items&quot;:&quot;none&quot;,&quot;items_offset&quot;:&quot;1&quot;,&quot;items_layout&quot;:&quot;blog_9&quot;,&quot;type&quot;:&quot;grid&quot;,&quot;columns&quot;:&quot;1&quot;,&quot;img_size&quot;:&quot;us_250_250_crop&quot;,&quot;overriding_link&quot;:&quot;none&quot;,&quot;lang&quot;:&quot;en&quot;}}'><\/div>\r\n<\/div><\/div><\/div><\/div><\/div><\/div><\/section><section class=\"l-section wpb_row us_custom_278d8c57 height_medium width_full\"><div class=\"l-section-h i-cf\"><div class=\"g-cols vc_row type_default valign_top\"><div class=\"vc_col-sm-12 wpb_column vc_column_container\"><div class=\"vc_column-inner\"><div class=\"wpb_wrapper\"><section class=\"l-section wpb_row us_custom_a4a7588b height_medium width_full\"><div class=\"l-section-h i-cf\"><div class=\"g-cols vc_row type_default valign_bottom\"><div class=\"vc_col-sm-12 wpb_column vc_column_container animate_fade\"><div class=\"vc_column-inner\"><div class=\"wpb_wrapper\"><div class=\"w-actionbox us_custom_2bcace3b color_primary controls_bottom has_text_color custom_actionbox_homepage\"><div class=\"w-actionbox-text\"><h2>INTERESTED IN GREAT DANES<\/h2><p>Have questions?<\/p>\n<\/div><div class=\"w-actionbox-controls\"><a class=\"w-btn us-btn-style_3\" href=\"\/en\/kontaktai\/\" title=\"CONTACT US\"><span class=\"w-btn-label\">LEAVE US A MESSAGE<\/span><\/a><\/div><\/div><\/div><\/div><\/div><\/div><\/div><\/section>\n<\/div><\/div><\/div><\/div><\/div><\/section>\n","protected":false},"excerpt":{"rendered":"","protected":false},"author":2,"featured_media":0,"parent":0,"menu_order":0,"comment_status":"closed","ping_status":"closed","template":"","meta":[],"_links":{"self":[{"href":"https:\/\/www.nuograzuciu.com\/en\/wp-json\/wp\/v2\/pages\/2066\/"}],"collection":[{"href":"https:\/\/www.nuograzuciu.com\/en\/wp-json\/wp\/v2\/pages\/"}],"about":[{"href":"https:\/\/www.nuograzuciu.com\/en\/wp-json\/wp\/v2\/types\/page\/"}],"author":[{"embeddable":true,"href":"https:\/\/www.nuograzuciu.com\/en\/wp-json\/wp\/v2\/users\/2\/"}],"replies":[{"embeddable":true,"href":"https:\/\/www.nuograzuciu.com\/en\/wp-json\/wp\/v2\/comments\/?post=2066"}],"version-history":[{"count":3,"href":"https:\/\/www.nuograzuciu.com\/en\/wp-json\/wp\/v2\/pages\/2066\/revisions\/"}],"predecessor-version":[{"id":2131,"href":"https:\/\/www.nuograzuciu.com\/en\/wp-json\/wp\/v2\/pages\/2066\/revisions\/2131\/"}],"wp:attachment":[{"href":"https:\/\/www.nuograzuciu.com\/en\/wp-json\/wp\/v2\/media\/?parent=2066"}],"curies":[{"name":"wp","href":"https:\/\/api.w.org\/{rel}","templated":true}]}}