{"id":2070,"date":"2020-02-28T14:46:58","date_gmt":"2020-02-28T12:46:58","guid":{"rendered":"https:\/\/nuograzuciu.com\/?page_id=2070"},"modified":"2021-10-19T23:30:43","modified_gmt":"2021-10-19T21:30:43","slug":"vokieciu-dogai","status":"publish","type":"page","link":"https:\/\/www.nuograzuciu.com\/en\/vokieciu-dogai\/","title":{"rendered":"GREAT DANES"},"content":{"rendered":"<section class=\"l-section wpb_row us_custom_8f61dbcb height_medium dog_list custom_section_transparent svg_shadow_bottom mobile_margins_paddings\" id=\"vokieciu_dogai_kales\"><div class=\"l-section-h i-cf\"><div class=\"g-cols vc_row type_default valign_top\"><div class=\"vc_col-sm-12 wpb_column vc_column_container\"><div class=\"vc_column-inner\"><div class=\"wpb_wrapper\"><div id=\"ultimate-heading-89269e341567d693\" class=\"uvc-heading ult-adjust-bottom-margin ultimate-heading-89269e341567d693 uvc-3854 custom_heading_h2 custom_heading_black\" data-hspacer=\"no_spacer\"  data-halign=\"left\" style=\"text-align:left\"><div class=\"uvc-heading-spacer no_spacer\" style=\"top\"><\/div><div class=\"uvc-main-heading ult-responsive\"  data-ultimate-target='.uvc-heading.ultimate-heading-89269e341567d693 h2'  data-responsive-json-new='{\"font-size\":\"\",\"line-height\":\"\"}' ><h2 style=\"font-weight:normal;\">FEMALES<\/h2><\/div><\/div><div class=\"w-grid custom-headings-dogs-list-grid type_grid layout_blog_10 cols_3 overflow_hidden\" id=\"us_grid_1\"><style id=\"us_grid_1_css\">#us_grid_1 .w-grid-item{padding:1.5rem}#us_grid_1 .w-grid-list{margin:-1.5rem}.w-grid + #us_grid_1 .w-grid-list{margin-top:1.5rem}@media (max-width:899px){#us_grid_1 .w-grid-item{width:50%}}@media (max-width:599px){#us_grid_1 .w-grid-list{margin:0}#us_grid_1 .w-grid-item{width:100%;padding:0;margin-bottom:1.5rem}}<\/style><style>.layout_blog_10 .w-grid-item-h{background:#1e1e1e;border-radius:0.3rem;z-index:3;box-shadow:0 0.03rem 0.06rem rgba(0,0,0,0.1),0 0.10rem 0.30rem rgba(0,0,0,0.1);transition-duration:0.3s}.no-touch .layout_blog_10 .w-grid-item-h:hover{box-shadow:0 0.12rem 0.24rem rgba(0,0,0,0.1),0 0.40rem 1.20rem rgba(0,0,0,0.15);z-index:4}.layout_blog_10 .usg_vwrapper_1{background:linear-gradient(transparent, rgba(30,30,30,0.8))!important;position:absolute!important;right:0!important;bottom:0!important;left:0!important;padding:15% 7% 7% 7%!important}.layout_blog_10 .usg_post_taxonomy_1{font-size:10px!important;font-weight:700!important;text-transform:uppercase!important;margin-bottom:0.5rem!important}.layout_blog_10 .usg_post_title_1{color:#fff!important;font-size:1.4rem!important;font-weight:700!important}@media (max-width:600px){.layout_blog_10 .usg_post_title_1{font-size:1.2rem!important}}<\/style><div class=\"w-grid-list\"><article class=\"w-grid-item size_1x1 post-2223 kales type-kales status-publish has-post-thumbnail hentry\" data-id=\"2223\">\r\n\t<div class=\"w-grid-item-h\">\r\n\t\t\t\t\t<a class=\"w-grid-item-anchor\" href=\"https:\/\/www.nuograzuciu.com\/en\/kales\/junona-nuo-grazuciu\/\" rel=\"bookmark\" aria-label=\"JUNONA NUO GRAZUCIU\"><\/a>\r\n\t\t\t\t<div class=\"w-post-elm post_image usg_post_image_1 stretched\"><a href=\"https:\/\/www.nuograzuciu.com\/en\/kales\/junona-nuo-grazuciu\/\" aria-label=\"JUNONA NUO GRAZUCIU\"><img width=\"250\" height=\"240\" src=\"data:image\/gif;base64,R0lGODlhAQABAIAAAAAAAP\/\/\/yH5BAEAAAAALAAAAAABAAEAAAIBRAA7\" data-lazy-type=\"image\" data-src=\"https:\/\/www.nuograzuciu.com\/wp-content\/uploads\/2020\/02\/JUNONA_01-250x240.jpg\" class=\"lazy lazy-hidden attachment-us_250_250_crop size-us_250_250_crop wp-post-image\" alt=\"\" loading=\"lazy\" \/><\/a><\/div><div class=\"w-vwrapper usg_vwrapper_1 align_left valign_top \"><h2 class=\"w-post-elm post_title usg_post_title_1 entry-title color_link_inherit has_text_color\"><a href=\"https:\/\/www.nuograzuciu.com\/en\/kales\/junona-nuo-grazuciu\/\">JUNONA NUO GRAZUCIU<\/a><\/h2><\/div>\t<\/div>\r\n<\/article>\r\n<article class=\"w-grid-item size_1x1 post-2225 kales type-kales status-publish has-post-thumbnail hentry\" data-id=\"2225\">\r\n\t<div class=\"w-grid-item-h\">\r\n\t\t\t\t\t<a class=\"w-grid-item-anchor\" href=\"https:\/\/www.nuograzuciu.com\/en\/kales\/herera-nuo-grazuciu\/\" rel=\"bookmark\" aria-label=\"HERERA NUO GRA\u017dU\u010cI\u0172\"><\/a>\r\n\t\t\t\t<div class=\"w-post-elm post_image usg_post_image_1 stretched\"><a href=\"https:\/\/www.nuograzuciu.com\/en\/kales\/herera-nuo-grazuciu\/\" aria-label=\"HERERA NUO GRA\u017dU\u010cI\u0172\"><img width=\"250\" height=\"240\" src=\"data:image\/gif;base64,R0lGODlhAQABAIAAAAAAAP\/\/\/yH5BAEAAAAALAAAAAABAAEAAAIBRAA7\" data-lazy-type=\"image\" data-src=\"https:\/\/www.nuograzuciu.com\/wp-content\/uploads\/2020\/02\/HERERA_01-250x240.jpg\" class=\"lazy lazy-hidden attachment-us_250_250_crop size-us_250_250_crop wp-post-image\" alt=\"\" loading=\"lazy\" \/><\/a><\/div><div class=\"w-vwrapper usg_vwrapper_1 align_left valign_top \"><h2 class=\"w-post-elm post_title usg_post_title_1 entry-title color_link_inherit has_text_color\"><a href=\"https:\/\/www.nuograzuciu.com\/en\/kales\/herera-nuo-grazuciu\/\">HERERA NUO GRA\u017dU\u010cI\u0172<\/a><\/h2><\/div>\t<\/div>\r\n<\/article>\r\n<article class=\"w-grid-item size_1x1 post-2154 kales type-kales status-publish has-post-thumbnail hentry\" data-id=\"2154\">\r\n\t<div class=\"w-grid-item-h\">\r\n\t\t\t\t\t<a class=\"w-grid-item-anchor\" href=\"https:\/\/www.nuograzuciu.com\/en\/kales\/estera-felix-nuo-grazuciu\/\" rel=\"bookmark\" aria-label=\"ESTERA FELIX NUO GRAZUCIU\"><\/a>\r\n\t\t\t\t<div class=\"w-post-elm post_image usg_post_image_1 stretched\"><a href=\"https:\/\/www.nuograzuciu.com\/en\/kales\/estera-felix-nuo-grazuciu\/\" aria-label=\"ESTERA FELIX NUO GRAZUCIU\"><img width=\"250\" height=\"240\" src=\"data:image\/gif;base64,R0lGODlhAQABAIAAAAAAAP\/\/\/yH5BAEAAAAALAAAAAABAAEAAAIBRAA7\" data-lazy-type=\"image\" data-src=\"https:\/\/www.nuograzuciu.com\/wp-content\/uploads\/2020\/02\/ESTERA-FELIX_01-250x240.jpg\" class=\"lazy lazy-hidden attachment-us_250_250_crop size-us_250_250_crop wp-post-image\" alt=\"\" loading=\"lazy\" \/><\/a><\/div><div class=\"w-vwrapper usg_vwrapper_1 align_left valign_top \"><h2 class=\"w-post-elm post_title usg_post_title_1 entry-title color_link_inherit has_text_color\"><a href=\"https:\/\/www.nuograzuciu.com\/en\/kales\/estera-felix-nuo-grazuciu\/\">ESTERA FELIX NUO GRAZUCIU<\/a><\/h2><\/div>\t<\/div>\r\n<\/article>\r\n<article class=\"w-grid-item size_1x1 post-2200 kales type-kales status-publish has-post-thumbnail hentry\" data-id=\"2200\">\r\n\t<div class=\"w-grid-item-h\">\r\n\t\t\t\t\t<a class=\"w-grid-item-anchor\" href=\"https:\/\/www.nuograzuciu.com\/en\/kales\/aksenija-nuo-grazuciu\/\" rel=\"bookmark\" aria-label=\"AKSENIJA NUO GRAZUCIU\"><\/a>\r\n\t\t\t\t<div class=\"w-post-elm post_image usg_post_image_1 stretched\"><a href=\"https:\/\/www.nuograzuciu.com\/en\/kales\/aksenija-nuo-grazuciu\/\" aria-label=\"AKSENIJA NUO GRAZUCIU\"><img width=\"250\" height=\"240\" src=\"data:image\/gif;base64,R0lGODlhAQABAIAAAAAAAP\/\/\/yH5BAEAAAAALAAAAAABAAEAAAIBRAA7\" data-lazy-type=\"image\" data-src=\"https:\/\/www.nuograzuciu.com\/wp-content\/uploads\/2020\/02\/AKSENIJA_01-250x240.jpg\" class=\"lazy lazy-hidden attachment-us_250_250_crop size-us_250_250_crop wp-post-image\" alt=\"\" loading=\"lazy\" \/><\/a><\/div><div class=\"w-vwrapper usg_vwrapper_1 align_left valign_top \"><h2 class=\"w-post-elm post_title usg_post_title_1 entry-title color_link_inherit has_text_color\"><a href=\"https:\/\/www.nuograzuciu.com\/en\/kales\/aksenija-nuo-grazuciu\/\">AKSENIJA NUO GRAZUCIU<\/a><\/h2><\/div>\t<\/div>\r\n<\/article>\r\n<article class=\"w-grid-item size_1x1 post-2233 kales type-kales status-publish has-post-thumbnail hentry\" data-id=\"2233\">\r\n\t<div class=\"w-grid-item-h\">\r\n\t\t\t\t\t<a class=\"w-grid-item-anchor\" href=\"https:\/\/www.nuograzuciu.com\/en\/kales\/tiche-nuo-grazuciu\/\" rel=\"bookmark\" aria-label=\"TICHE NUO GRAZUCIU\"><\/a>\r\n\t\t\t\t<div class=\"w-post-elm post_image usg_post_image_1 stretched\"><a href=\"https:\/\/www.nuograzuciu.com\/en\/kales\/tiche-nuo-grazuciu\/\" aria-label=\"TICHE NUO GRAZUCIU\"><img width=\"250\" height=\"240\" src=\"data:image\/gif;base64,R0lGODlhAQABAIAAAAAAAP\/\/\/yH5BAEAAAAALAAAAAABAAEAAAIBRAA7\" data-lazy-type=\"image\" data-src=\"https:\/\/www.nuograzuciu.com\/wp-content\/uploads\/2020\/02\/TICHE_01-250x240.jpg\" class=\"lazy lazy-hidden attachment-us_250_250_crop size-us_250_250_crop wp-post-image\" alt=\"\" loading=\"lazy\" \/><\/a><\/div><div class=\"w-vwrapper usg_vwrapper_1 align_left valign_top \"><h2 class=\"w-post-elm post_title usg_post_title_1 entry-title color_link_inherit has_text_color\"><a href=\"https:\/\/www.nuograzuciu.com\/en\/kales\/tiche-nuo-grazuciu\/\">TICHE NUO GRAZUCIU<\/a><\/h2><\/div>\t<\/div>\r\n<\/article>\r\n<article class=\"w-grid-item size_1x1 post-2235 kales type-kales status-publish has-post-thumbnail hentry\" data-id=\"2235\">\r\n\t<div class=\"w-grid-item-h\">\r\n\t\t\t\t\t<a class=\"w-grid-item-anchor\" href=\"https:\/\/www.nuograzuciu.com\/en\/kales\/hera-nuo-grazuciu\/\" rel=\"bookmark\" aria-label=\"HERA NUO GRAZUCIU\"><\/a>\r\n\t\t\t\t<div class=\"w-post-elm post_image usg_post_image_1 stretched\"><a href=\"https:\/\/www.nuograzuciu.com\/en\/kales\/hera-nuo-grazuciu\/\" aria-label=\"HERA NUO GRAZUCIU\"><img width=\"250\" height=\"240\" src=\"data:image\/gif;base64,R0lGODlhAQABAIAAAAAAAP\/\/\/yH5BAEAAAAALAAAAAABAAEAAAIBRAA7\" data-lazy-type=\"image\" data-src=\"https:\/\/www.nuograzuciu.com\/wp-content\/uploads\/2020\/02\/HERA_01-250x240.jpg\" class=\"lazy lazy-hidden attachment-us_250_250_crop size-us_250_250_crop wp-post-image\" alt=\"\" loading=\"lazy\" \/><\/a><\/div><div class=\"w-vwrapper usg_vwrapper_1 align_left valign_top \"><h2 class=\"w-post-elm post_title usg_post_title_1 entry-title color_link_inherit has_text_color\"><a href=\"https:\/\/www.nuograzuciu.com\/en\/kales\/hera-nuo-grazuciu\/\">HERA NUO GRAZUCIU<\/a><\/h2><\/div>\t<\/div>\r\n<\/article>\r\n<\/div>\t<div class=\"w-grid-json hidden\" onclick='return {&quot;ajax_url&quot;:&quot;https:\\\/\\\/www.nuograzuciu.com\\\/wp-admin\\\/admin-ajax.php&quot;,&quot;permalink_url&quot;:&quot;https:\\\/\\\/www.nuograzuciu.com\\\/en\\\/kales\\\/hera-nuo-grazuciu\\\/&quot;,&quot;action&quot;:&quot;us_ajax_grid&quot;,&quot;max_num_pages&quot;:1,&quot;infinite_scroll&quot;:0,&quot;template_vars&quot;:{&quot;query_args&quot;:{&quot;ignore_sticky_posts&quot;:1,&quot;post_type&quot;:&quot;any&quot;,&quot;post__in&quot;:[&quot;121&quot;,&quot;122&quot;,&quot;123&quot;,&quot;124&quot;,&quot;125&quot;,&quot;126&quot;],&quot;orderby&quot;:{&quot;post__in&quot;:&quot;ASC&quot;},&quot;posts_per_page&quot;:&quot;99&quot;},&quot;post_id&quot;:2070,&quot;us_grid_index&quot;:1,&quot;us_grid_ajax_index&quot;:1,&quot;exclude_items&quot;:&quot;none&quot;,&quot;items_offset&quot;:&quot;1&quot;,&quot;items_layout&quot;:&quot;blog_10&quot;,&quot;type&quot;:&quot;grid&quot;,&quot;columns&quot;:&quot;3&quot;,&quot;img_size&quot;:&quot;us_250_250_crop&quot;,&quot;overriding_link&quot;:&quot;post&quot;,&quot;lang&quot;:&quot;en&quot;}}'><\/div>\r\n<\/div><\/div><\/div><\/div><\/div><\/div><\/section><section class=\"l-section wpb_row us_custom_d1aaaccf height_medium custom_section_transparent mobile_margins_paddings\" id=\"vokieciu_dogai_patinai\"><div class=\"l-section-h i-cf\"><div class=\"g-cols vc_row type_default valign_top\"><div class=\"vc_col-sm-12 wpb_column vc_column_container\"><div class=\"vc_column-inner\"><div class=\"wpb_wrapper\"><div id=\"ultimate-heading-336169e3415685d20\" class=\"uvc-heading ult-adjust-bottom-margin ultimate-heading-336169e3415685d20 uvc-51 custom_heading_h2 custom_heading_black\" data-hspacer=\"no_spacer\"  data-halign=\"left\" style=\"text-align:left\"><div class=\"uvc-heading-spacer no_spacer\" style=\"top\"><\/div><div class=\"uvc-main-heading ult-responsive\"  data-ultimate-target='.uvc-heading.ultimate-heading-336169e3415685d20 h2'  data-responsive-json-new='{\"font-size\":\"\",\"line-height\":\"\"}' ><h2 style=\"font-weight:normal;\">MALES<\/h2><\/div><\/div><div class=\"w-grid us_custom_aa706e62 custom-headings-dogs-list-grid type_grid layout_blog_10 cols_3 overflow_hidden\" id=\"us_grid_2\"><style id=\"us_grid_2_css\">#us_grid_2 .w-grid-item{padding:1.5rem}#us_grid_2 .w-grid-list{margin:-1.5rem}.w-grid + #us_grid_2 .w-grid-list{margin-top:1.5rem}@media (max-width:899px){#us_grid_2 .w-grid-item{width:50%}}@media (max-width:599px){#us_grid_2 .w-grid-list{margin:0}#us_grid_2 .w-grid-item{width:100%;padding:0;margin-bottom:1.5rem}}<\/style><div class=\"w-grid-list\"><article class=\"w-grid-item size_1x1 post-2152 patinai type-patinai status-publish has-post-thumbnail hentry\" data-id=\"2152\">\r\n\t<div class=\"w-grid-item-h\">\r\n\t\t\t\t\t<a class=\"w-grid-item-anchor\" href=\"https:\/\/www.nuograzuciu.com\/en\/patinai\/greilas-nuo-grazuciu\/\" rel=\"bookmark\" aria-label=\"GREILAS NUO GRA\u017dU\u010cI\u0172\"><\/a>\r\n\t\t\t\t<div class=\"w-post-elm post_image usg_post_image_1 stretched\"><a href=\"https:\/\/www.nuograzuciu.com\/en\/patinai\/greilas-nuo-grazuciu\/\" aria-label=\"GREILAS NUO GRA\u017dU\u010cI\u0172\"><img width=\"250\" height=\"240\" src=\"data:image\/gif;base64,R0lGODlhAQABAIAAAAAAAP\/\/\/yH5BAEAAAAALAAAAAABAAEAAAIBRAA7\" data-lazy-type=\"image\" data-src=\"https:\/\/www.nuograzuciu.com\/wp-content\/uploads\/2020\/02\/GREILAS_01-250x240.jpg\" class=\"lazy lazy-hidden attachment-us_250_250_crop size-us_250_250_crop wp-post-image\" alt=\"\" loading=\"lazy\" \/><\/a><\/div><div class=\"w-vwrapper usg_vwrapper_1 align_left valign_top \"><h2 class=\"w-post-elm post_title usg_post_title_1 entry-title color_link_inherit has_text_color\"><a href=\"https:\/\/www.nuograzuciu.com\/en\/patinai\/greilas-nuo-grazuciu\/\">GREILAS NUO GRA\u017dU\u010cI\u0172<\/a><\/h2><\/div>\t<\/div>\r\n<\/article>\r\n<article class=\"w-grid-item size_1x1 post-2412 patinai type-patinai status-publish has-post-thumbnail hentry\" data-id=\"2412\">\r\n\t<div class=\"w-grid-item-h\">\r\n\t\t\t\t\t<a class=\"w-grid-item-anchor\" href=\"https:\/\/www.nuograzuciu.com\/en\/patinai\/jay-z-nuo-grazuciu\/\" rel=\"bookmark\" aria-label=\"JAY-Z NUO GRA\u017dU\u010cI\u0172\"><\/a>\r\n\t\t\t\t<div class=\"w-post-elm post_image usg_post_image_1 stretched\"><a href=\"https:\/\/www.nuograzuciu.com\/en\/patinai\/jay-z-nuo-grazuciu\/\" aria-label=\"JAY-Z NUO GRA\u017dU\u010cI\u0172\"><img width=\"250\" height=\"250\" src=\"data:image\/gif;base64,R0lGODlhAQABAIAAAAAAAP\/\/\/yH5BAEAAAAALAAAAAABAAEAAAIBRAA7\" data-lazy-type=\"image\" data-src=\"https:\/\/www.nuograzuciu.com\/wp-content\/uploads\/2020\/03\/JAY-Z-NUO-GRAZUCIU_6-250x250.jpg\" class=\"lazy lazy-hidden attachment-us_250_250_crop size-us_250_250_crop wp-post-image\" alt=\"\" loading=\"lazy\" srcset=\"\" data-srcset=\"https:\/\/www.nuograzuciu.com\/wp-content\/uploads\/2020\/03\/JAY-Z-NUO-GRAZUCIU_6-250x250.jpg 250w, https:\/\/www.nuograzuciu.com\/wp-content\/uploads\/2020\/03\/JAY-Z-NUO-GRAZUCIU_6-150x150.jpg 150w, https:\/\/www.nuograzuciu.com\/wp-content\/uploads\/2020\/03\/JAY-Z-NUO-GRAZUCIU_6-350x350.jpg 350w\" sizes=\"(max-width: 250px) 100vw, 250px\" \/><\/a><\/div><div class=\"w-vwrapper usg_vwrapper_1 align_left valign_top \"><h2 class=\"w-post-elm post_title usg_post_title_1 entry-title color_link_inherit has_text_color\"><a href=\"https:\/\/www.nuograzuciu.com\/en\/patinai\/jay-z-nuo-grazuciu\/\">JAY-Z NUO GRA\u017dU\u010cI\u0172<\/a><\/h2><\/div>\t<\/div>\r\n<\/article>\r\n<article class=\"w-grid-item size_1x1 post-2589 patinai type-patinai status-publish has-post-thumbnail hentry\" data-id=\"2589\">\r\n\t<div class=\"w-grid-item-h\">\r\n\t\t\t\t\t<a class=\"w-grid-item-anchor\" href=\"https:\/\/www.nuograzuciu.com\/en\/patinai\/lenox-lewis-nuo-grazuciu\/\" rel=\"bookmark\" aria-label=\"LENOX LEWIS NUO GRA\u017dU\u010cI\u0172\"><\/a>\r\n\t\t\t\t<div class=\"w-post-elm post_image usg_post_image_1 stretched\"><a href=\"https:\/\/www.nuograzuciu.com\/en\/patinai\/lenox-lewis-nuo-grazuciu\/\" aria-label=\"LENOX LEWIS NUO GRA\u017dU\u010cI\u0172\"><img width=\"250\" height=\"250\" src=\"data:image\/gif;base64,R0lGODlhAQABAIAAAAAAAP\/\/\/yH5BAEAAAAALAAAAAABAAEAAAIBRAA7\" data-lazy-type=\"image\" data-src=\"https:\/\/www.nuograzuciu.com\/wp-content\/uploads\/2021\/01\/Lenox-Lewis-Nuo-Grazuciu-2-250x250.jpg\" class=\"lazy lazy-hidden attachment-us_250_250_crop size-us_250_250_crop wp-post-image\" alt=\"\" loading=\"lazy\" srcset=\"\" data-srcset=\"https:\/\/www.nuograzuciu.com\/wp-content\/uploads\/2021\/01\/Lenox-Lewis-Nuo-Grazuciu-2-250x250.jpg 250w, https:\/\/www.nuograzuciu.com\/wp-content\/uploads\/2021\/01\/Lenox-Lewis-Nuo-Grazuciu-2-150x150.jpg 150w, https:\/\/www.nuograzuciu.com\/wp-content\/uploads\/2021\/01\/Lenox-Lewis-Nuo-Grazuciu-2-350x350.jpg 350w\" sizes=\"(max-width: 250px) 100vw, 250px\" \/><\/a><\/div><div class=\"w-vwrapper usg_vwrapper_1 align_left valign_top \"><h2 class=\"w-post-elm post_title usg_post_title_1 entry-title color_link_inherit has_text_color\"><a href=\"https:\/\/www.nuograzuciu.com\/en\/patinai\/lenox-lewis-nuo-grazuciu\/\">LENOX LEWIS NUO GRA\u017dU\u010cI\u0172<\/a><\/h2><\/div>\t<\/div>\r\n<\/article>\r\n<\/div>\t<div class=\"w-grid-json hidden\" onclick='return {&quot;ajax_url&quot;:&quot;https:\\\/\\\/www.nuograzuciu.com\\\/wp-admin\\\/admin-ajax.php&quot;,&quot;permalink_url&quot;:&quot;https:\\\/\\\/www.nuograzuciu.com\\\/en\\\/patinai\\\/lenox-lewis-nuo-grazuciu\\\/&quot;,&quot;action&quot;:&quot;us_ajax_grid&quot;,&quot;max_num_pages&quot;:1,&quot;infinite_scroll&quot;:0,&quot;template_vars&quot;:{&quot;query_args&quot;:{&quot;ignore_sticky_posts&quot;:1,&quot;post_type&quot;:&quot;any&quot;,&quot;post__in&quot;:[&quot;87&quot;,&quot;2409&quot;,&quot;2556&quot;],&quot;orderby&quot;:{&quot;post__in&quot;:&quot;ASC&quot;},&quot;posts_per_page&quot;:&quot;99&quot;},&quot;post_id&quot;:2235,&quot;us_grid_index&quot;:2,&quot;us_grid_ajax_index&quot;:1,&quot;exclude_items&quot;:&quot;none&quot;,&quot;items_offset&quot;:&quot;1&quot;,&quot;items_layout&quot;:&quot;blog_10&quot;,&quot;type&quot;:&quot;grid&quot;,&quot;columns&quot;:&quot;3&quot;,&quot;img_size&quot;:&quot;us_250_250_crop&quot;,&quot;overriding_link&quot;:&quot;post&quot;,&quot;lang&quot;:&quot;en&quot;}}'><\/div>\r\n<\/div><\/div><\/div><\/div><\/div><\/div><\/section><section class=\"l-section wpb_row us_custom_69f24d10 height_medium custom_section_transparent svg_shadow_top mobile_margins_paddings\" id=\"vokieciu_dogai_suniukai\"><div class=\"l-section-h i-cf\"><div class=\"g-cols vc_row type_default valign_top\"><div class=\"vc_col-sm-12 wpb_column vc_column_container\"><div class=\"vc_column-inner\"><div class=\"wpb_wrapper\"><div id=\"ultimate-heading-961369e34156890b9\" class=\"uvc-heading ult-adjust-bottom-margin ultimate-heading-961369e34156890b9 uvc-7419 custom_heading_h2 custom_heading_black\" data-hspacer=\"no_spacer\"  data-halign=\"left\" style=\"text-align:left\"><div class=\"uvc-heading-spacer no_spacer\" style=\"top\"><\/div><div class=\"uvc-main-heading ult-responsive\"  data-ultimate-target='.uvc-heading.ultimate-heading-961369e34156890b9 h2'  data-responsive-json-new='{\"font-size\":\"\",\"line-height\":\"\"}' ><h2 style=\"font-weight:normal;\">PUPPIES<\/h2><\/div><\/div><div class=\"w-grid custom-headings-dogs-list-grid type_grid layout_blog_10 cols_3 overflow_hidden\" id=\"us_grid_3\"><style id=\"us_grid_3_css\">#us_grid_3 .w-grid-item{padding:1.5rem}#us_grid_3 .w-grid-list{margin:-1.5rem}.w-grid + #us_grid_3 .w-grid-list{margin-top:1.5rem}@media (max-width:899px){#us_grid_3 .w-grid-item{width:50%}}@media (max-width:599px){#us_grid_3 .w-grid-list{margin:0}#us_grid_3 .w-grid-item{width:100%;padding:0;margin-bottom:1.5rem}}<\/style><div class=\"w-grid-list\"><article class=\"w-grid-item size_1x1 post-2155 suniukai type-suniukai status-publish has-post-thumbnail hentry\" data-id=\"2155\">\r\n\t<div class=\"w-grid-item-h\">\r\n\t\t\t\t\t<a class=\"w-grid-item-anchor\" href=\"https:\/\/www.nuograzuciu.com\/en\/suniukai\/pedigree-l\/\" rel=\"bookmark\" aria-label=\"03.05.2023  wonderful 10 babies were born. New litter of &#8220;P&#8221; Nuo Grazuciu\"><\/a>\r\n\t\t\t\t<div class=\"w-post-elm post_image usg_post_image_1 stretched\"><a href=\"https:\/\/www.nuograzuciu.com\/en\/suniukai\/pedigree-l\/\" aria-label=\"03.05.2023  wonderful 10 babies were born. New litter of &#8220;P&#8221; Nuo Grazuciu\"><img width=\"250\" height=\"250\" src=\"data:image\/gif;base64,R0lGODlhAQABAIAAAAAAAP\/\/\/yH5BAEAAAAALAAAAAABAAEAAAIBRAA7\" data-lazy-type=\"image\" data-src=\"https:\/\/www.nuograzuciu.com\/wp-content\/uploads\/2020\/02\/nuo-grazuciu-250x250.jpg\" class=\"lazy lazy-hidden attachment-us_250_250_crop size-us_250_250_crop wp-post-image\" alt=\"\" loading=\"lazy\" srcset=\"\" data-srcset=\"https:\/\/www.nuograzuciu.com\/wp-content\/uploads\/2020\/02\/nuo-grazuciu-250x250.jpg 250w, https:\/\/www.nuograzuciu.com\/wp-content\/uploads\/2020\/02\/nuo-grazuciu-150x150.jpg 150w, https:\/\/www.nuograzuciu.com\/wp-content\/uploads\/2020\/02\/nuo-grazuciu-350x350.jpg 350w\" sizes=\"(max-width: 250px) 100vw, 250px\" \/><\/a><\/div><div class=\"w-vwrapper usg_vwrapper_1 align_left valign_top \"><h2 class=\"w-post-elm post_title usg_post_title_1 entry-title color_link_inherit has_text_color\"><a href=\"https:\/\/www.nuograzuciu.com\/en\/suniukai\/pedigree-l\/\">03.05.2023  wonderful 10 babies were born. New litter of &#8220;P&#8221; Nuo Grazuciu<\/a><\/h2><\/div>\t<\/div>\r\n<\/article>\r\n<\/div>\t<div class=\"w-grid-json hidden\" onclick='return {&quot;ajax_url&quot;:&quot;https:\\\/\\\/www.nuograzuciu.com\\\/wp-admin\\\/admin-ajax.php&quot;,&quot;permalink_url&quot;:&quot;https:\\\/\\\/www.nuograzuciu.com\\\/en\\\/suniukai\\\/pedigree-l\\\/&quot;,&quot;action&quot;:&quot;us_ajax_grid&quot;,&quot;max_num_pages&quot;:1,&quot;infinite_scroll&quot;:0,&quot;template_vars&quot;:{&quot;query_args&quot;:{&quot;ignore_sticky_posts&quot;:1,&quot;post_type&quot;:&quot;any&quot;,&quot;post__in&quot;:[&quot;2155&quot;],&quot;orderby&quot;:{&quot;post__in&quot;:&quot;ASC&quot;},&quot;posts_per_page&quot;:&quot;99&quot;},&quot;post_id&quot;:2589,&quot;us_grid_index&quot;:3,&quot;us_grid_ajax_index&quot;:1,&quot;exclude_items&quot;:&quot;none&quot;,&quot;items_offset&quot;:&quot;1&quot;,&quot;items_layout&quot;:&quot;blog_10&quot;,&quot;type&quot;:&quot;grid&quot;,&quot;columns&quot;:&quot;3&quot;,&quot;img_size&quot;:&quot;us_250_250_crop&quot;,&quot;overriding_link&quot;:&quot;post&quot;,&quot;lang&quot;:&quot;en&quot;}}'><\/div>\r\n<\/div><\/div><\/div><\/div><\/div><\/div><\/section><section class=\"l-section wpb_row us_custom_278d8c57 height_medium width_full\"><div class=\"l-section-h i-cf\"><div class=\"g-cols vc_row type_default valign_top\"><div class=\"vc_col-sm-12 wpb_column vc_column_container\"><div class=\"vc_column-inner\"><div class=\"wpb_wrapper\"><section class=\"l-section wpb_row us_custom_a4a7588b height_medium width_full\"><div class=\"l-section-h i-cf\"><div class=\"g-cols vc_row type_default valign_bottom\"><div class=\"vc_col-sm-12 wpb_column vc_column_container animate_fade\"><div class=\"vc_column-inner\"><div class=\"wpb_wrapper\"><div class=\"w-actionbox us_custom_2bcace3b color_primary controls_bottom has_text_color custom_actionbox_homepage\"><div class=\"w-actionbox-text\"><h2>INTERESTED IN GREAT DANES<\/h2><p>Have questions?<\/p>\n<\/div><div class=\"w-actionbox-controls\"><a class=\"w-btn us-btn-style_3\" href=\"\/en\/kontaktai\/\" title=\"CONTACT US\"><span class=\"w-btn-label\">LEAVE US A MESSAGE<\/span><\/a><\/div><\/div><\/div><\/div><\/div><\/div><\/div><\/section>\n<\/div><\/div><\/div><\/div><\/div><\/section>\n","protected":false},"excerpt":{"rendered":"","protected":false},"author":2,"featured_media":0,"parent":0,"menu_order":0,"comment_status":"closed","ping_status":"closed","template":"","meta":[],"_links":{"self":[{"href":"https:\/\/www.nuograzuciu.com\/en\/wp-json\/wp\/v2\/pages\/2070\/"}],"collection":[{"href":"https:\/\/www.nuograzuciu.com\/en\/wp-json\/wp\/v2\/pages\/"}],"about":[{"href":"https:\/\/www.nuograzuciu.com\/en\/wp-json\/wp\/v2\/types\/page\/"}],"author":[{"embeddable":true,"href":"https:\/\/www.nuograzuciu.com\/en\/wp-json\/wp\/v2\/users\/2\/"}],"replies":[{"embeddable":true,"href":"https:\/\/www.nuograzuciu.com\/en\/wp-json\/wp\/v2\/comments\/?post=2070"}],"version-history":[{"count":10,"href":"https:\/\/www.nuograzuciu.com\/en\/wp-json\/wp\/v2\/pages\/2070\/revisions\/"}],"predecessor-version":[{"id":2887,"href":"https:\/\/www.nuograzuciu.com\/en\/wp-json\/wp\/v2\/pages\/2070\/revisions\/2887\/"}],"wp:attachment":[{"href":"https:\/\/www.nuograzuciu.com\/en\/wp-json\/wp\/v2\/media\/?parent=2070"}],"curies":[{"name":"wp","href":"https:\/\/api.w.org\/{rel}","templated":true}]}}